{"id":308,"date":"2024-09-14T17:44:15","date_gmt":"2024-09-14T17:44:15","guid":{"rendered":"http:\/\/www.sesdobles.com\/?page_id=308"},"modified":"2024-09-14T18:11:55","modified_gmt":"2024-09-14T18:11:55","slug":"about-us","status":"publish","type":"page","link":"https:\/\/www.sesdobles.com\/es\/about-us\/","title":{"rendered":"SOBRE NOSOTROS"},"content":{"rendered":"<h2 id=\"wp-block-themeisle-blocks-advanced-heading-0e355e07\" class=\"wp-block-themeisle-blocks-advanced-heading wp-block-themeisle-blocks-advanced-heading-0e355e07 has-dark-bg\">QUIEN SOMOS<\/h2>\n\n\n\n<p>Con m\u00e1s de 28 a\u00f1os de experiencia, somos una empresa constructora y promotora l\u00edder, especializada en el desarrollo de proyectos residenciales, comerciales e industriales en Catalunya, Baleares y a nivel internacional. A lo largo de nuestra trayectoria, hemos completado m\u00e1s de 100 proyectos, combinando calidad, innovaci\u00f3n y sostenibilidad en cada uno de ellos.<\/p>\n\n\n\n<p>Nuestro equipo altamente cualificado se asegura de cumplir con los m\u00e1s altos est\u00e1ndares en cada etapa del proceso constructivo, garantizando que todas nuestras obras se realicen conforme a la normativa vigente. Nos enorgullece entregar resultados que reflejan nuestro compromiso con la excelencia, adapt\u00e1ndonos a las necesidades de cada cliente y asegurando que cada proyecto sea un reflejo de su visi\u00f3n.<\/p>\n\n\n\n<p>construimos con pasi\u00f3n, integridad y dedicaci\u00f3n, siempre orientados a crear espacios que perduren en el tiempo y que mejoren la calidad de vida de quienes los habitan.<\/p>","protected":false},"excerpt":{"rendered":"<p>With over 28 years of experience we are a leading construction and development company specializing in residential, commercial, and industrial projects in Catalonia, the Balearic Islands, and internationally. Throughout our journey, we have successfully completed more than 100 projects, combining quality, innovation, and sustainability in every one of them. Our highly skilled team ensures that&hellip;&nbsp;<a href=\"https:\/\/www.sesdobles.com\/es\/about-us\/\" rel=\"bookmark\">Leer m\u00e1s &raquo;<span class=\"screen-reader-text\">SOBRE NOSOTROS<\/span><\/a><\/p>","protected":false},"author":1,"featured_media":0,"parent":0,"menu_order":0,"comment_status":"closed","ping_status":"closed","template":"","meta":{"neve_meta_sidebar":"","neve_meta_container":"","neve_meta_enable_content_width":"","neve_meta_content_width":0,"neve_meta_title_alignment":"","neve_meta_author_avatar":"","neve_post_elements_order":"","neve_meta_disable_header":"","neve_meta_disable_footer":"","neve_meta_disable_title":"","_themeisle_gutenberg_block_has_review":false,"footnotes":""},"class_list":["post-308","page","type-page","status-publish","hentry"],"_links":{"self":[{"href":"https:\/\/www.sesdobles.com\/es\/wp-json\/wp\/v2\/pages\/308","targetHints":{"allow":["GET"]}}],"collection":[{"href":"https:\/\/www.sesdobles.com\/es\/wp-json\/wp\/v2\/pages"}],"about":[{"href":"https:\/\/www.sesdobles.com\/es\/wp-json\/wp\/v2\/types\/page"}],"author":[{"embeddable":true,"href":"https:\/\/www.sesdobles.com\/es\/wp-json\/wp\/v2\/users\/1"}],"replies":[{"embeddable":true,"href":"https:\/\/www.sesdobles.com\/es\/wp-json\/wp\/v2\/comments?post=308"}],"version-history":[{"count":2,"href":"https:\/\/www.sesdobles.com\/es\/wp-json\/wp\/v2\/pages\/308\/revisions"}],"predecessor-version":[{"id":318,"href":"https:\/\/www.sesdobles.com\/es\/wp-json\/wp\/v2\/pages\/308\/revisions\/318"}],"wp:attachment":[{"href":"https:\/\/www.sesdobles.com\/es\/wp-json\/wp\/v2\/media?parent=308"}],"curies":[{"name":"wp","href":"https:\/\/api.w.org\/{rel}","templated":true}]}}