{"id":304,"date":"2024-09-14T17:34:01","date_gmt":"2024-09-14T17:34:01","guid":{"rendered":"http:\/\/www.sesdobles.com\/?page_id=304"},"modified":"2024-09-14T17:34:49","modified_gmt":"2024-09-14T17:34:49","slug":"304-2","status":"publish","type":"page","link":"https:\/\/www.sesdobles.com\/es\/304-2\/","title":{"rendered":"privacidad"},"content":{"rendered":"<h2 id=\"wp-block-themeisle-blocks-advanced-heading-42e7c1cb\" class=\"wp-block-themeisle-blocks-advanced-heading wp-block-themeisle-blocks-advanced-heading-42e7c1cb has-dark-bg\">politica de privacidad<\/h2>\n\n\n\n<p><strong>1. Responsable del Tratamiento<\/strong><br>Ses Doblas S.A.<br>Energ\u00eda, 18 Matar\u00f3 \/ Espa\u00f1a<br>Email: info@sesdobles.com<\/p>\n\n\n\n<hr class=\"wp-block-separator has-alpha-channel-opacity\"\/>\n\n\n\n<p><strong>2. Datos que se recopilan<\/strong><br>Este Sitio Web recopila datos personales cuando el usuario rellena formularios de contacto o se suscribe a boletines informativos. Los datos recogidos son los estrictamente necesarios para la prestaci\u00f3n del servicio: nombre, correo electr\u00f3nico y otros datos opcionales que el usuario decida proporcionar.<\/p>\n\n\n\n<p><strong>3. Finalidad del Tratamiento<\/strong><br>Los datos personales proporcionados ser\u00e1n utilizados \u00fanicamente para responder a solicitudes de informaci\u00f3n, gestionar suscripciones a boletines o prestar los servicios contratados. No se utilizar\u00e1n para fines comerciales sin el consentimiento expreso del usuario.<\/p>\n\n\n\n<p><strong>4. Derechos de los Usuarios<\/strong><br>El usuario tiene derecho a acceder, rectificar, suprimir y oponerse al tratamiento de sus datos personales. Para ejercer estos derechos, el usuario puede enviar una solicitud al correo electr\u00f3nico info@sesdobles.com<\/p>\n\n\n\n<p><strong>5. Conservaci\u00f3n de los Datos<\/strong><br>Los datos personales se conservar\u00e1n durante el tiempo necesario para cumplir con las finalidades para las que se recopilaron y mientras el usuario no solicite su supresi\u00f3n.<\/p>\n\n\n\n<p><strong>6. Seguridad de los Datos<\/strong><br>El titular se compromete a aplicar las medidas de seguridad t\u00e9cnicas y organizativas necesarias para proteger los datos personales de accesos no autorizados o tratamiento il\u00edcito.<\/p>\n\n\n\n<p><strong>7. Cookies<\/strong><br>Este Sitio Web utiliza cookies para mejorar la experiencia del usuario. <\/p>\n\n\n\n<p><strong>8. Modificaciones<\/strong><br>El titular se reserva el derecho a modificar la presente pol\u00edtica de privacidad en cualquier momento, notificando dichos cambios en el Sitio Web.<\/p>\n\n\n\n<p><strong>9. Legislaci\u00f3n aplicable y jurisdicci\u00f3n<\/strong><br>Esta pol\u00edtica de privacidad se rige por la legislaci\u00f3n espa\u00f1ola. Cualquier disputa ser\u00e1 sometida a los juzgados y tribunales del domicilio del titular.<\/p>","protected":false},"excerpt":{"rendered":"<p>1. Data ControllerSes Doblas S.A.Energ\u00eda, 18 Matar\u00f3 \/ SpainEmail: info@sesdobles.com 2. Data CollectedThis Website collects personal data when users fill out contact forms or subscribe to newsletters. The data collected is strictly necessary for the provision of services: name, email, and other optional information provided by the user. 3. Purpose of Data ProcessingThe personal data&hellip;&nbsp;<a href=\"https:\/\/www.sesdobles.com\/es\/304-2\/\" rel=\"bookmark\">Leer m\u00e1s &raquo;<span class=\"screen-reader-text\">privacidad<\/span><\/a><\/p>","protected":false},"author":1,"featured_media":0,"parent":0,"menu_order":0,"comment_status":"closed","ping_status":"closed","template":"","meta":{"neve_meta_sidebar":"","neve_meta_container":"","neve_meta_enable_content_width":"","neve_meta_content_width":0,"neve_meta_title_alignment":"","neve_meta_author_avatar":"","neve_post_elements_order":"","neve_meta_disable_header":"","neve_meta_disable_footer":"","neve_meta_disable_title":"","_themeisle_gutenberg_block_has_review":false,"footnotes":""},"class_list":["post-304","page","type-page","status-publish","hentry"],"_links":{"self":[{"href":"https:\/\/www.sesdobles.com\/es\/wp-json\/wp\/v2\/pages\/304","targetHints":{"allow":["GET"]}}],"collection":[{"href":"https:\/\/www.sesdobles.com\/es\/wp-json\/wp\/v2\/pages"}],"about":[{"href":"https:\/\/www.sesdobles.com\/es\/wp-json\/wp\/v2\/types\/page"}],"author":[{"embeddable":true,"href":"https:\/\/www.sesdobles.com\/es\/wp-json\/wp\/v2\/users\/1"}],"replies":[{"embeddable":true,"href":"https:\/\/www.sesdobles.com\/es\/wp-json\/wp\/v2\/comments?post=304"}],"version-history":[{"count":2,"href":"https:\/\/www.sesdobles.com\/es\/wp-json\/wp\/v2\/pages\/304\/revisions"}],"predecessor-version":[{"id":306,"href":"https:\/\/www.sesdobles.com\/es\/wp-json\/wp\/v2\/pages\/304\/revisions\/306"}],"wp:attachment":[{"href":"https:\/\/www.sesdobles.com\/es\/wp-json\/wp\/v2\/media?parent=304"}],"curies":[{"name":"wp","href":"https:\/\/api.w.org\/{rel}","templated":true}]}}