{"id":299,"date":"2024-09-14T17:12:29","date_gmt":"2024-09-14T17:12:29","guid":{"rendered":"http:\/\/www.sesdobles.com\/?page_id=299"},"modified":"2024-09-15T17:25:15","modified_gmt":"2024-09-15T17:25:15","slug":"terms-conditions","status":"publish","type":"page","link":"https:\/\/www.sesdobles.com\/es\/terms-conditions\/","title":{"rendered":"t&amp;c"},"content":{"rendered":"<h2 id=\"wp-block-themeisle-blocks-advanced-heading-f7c83793\" class=\"wp-block-themeisle-blocks-advanced-heading wp-block-themeisle-blocks-advanced-heading-f7c83793 has-dark-bg\">TERMINOS Y CONDICIONES DE USO DEL SITIO<\/h2>\n\n\n\n<p><\/p>\n\n\n\n<p><\/p>\n\n\n\n<p><strong>Propietario del Sitio:<\/strong><br>SES DOBLAS S.A.<br>Energ\u00eda, 18 Matar\u00f3 \/ Espa\u00f1a<br>Email: info@sesdobles.com<\/p>\n\n\n\n<hr class=\"wp-block-separator has-alpha-channel-opacity\"\/>\n\n\n\n<p><strong>1. Objeto<\/strong><br>El presente documento regula los t\u00e9rminos y condiciones de uso del sitio web sesdobles.com (en adelante, el \"Sitio Web\"). Al acceder y utilizar este Sitio Web, el usuario acepta cumplir con los t\u00e9rminos aqu\u00ed expuestos.<\/p>\n\n\n\n<p><strong>2. Propiedad Intelectual<\/strong><br>Todos los contenidos presentes en el Sitio Web (textos, im\u00e1genes, gr\u00e1ficos, logotipos, v\u00eddeos, etc.) son propiedad del titular o tienen licencia de uso y est\u00e1n protegidos por las leyes de propiedad intelectual. Est\u00e1 prohibida su reproducci\u00f3n total o parcial sin autorizaci\u00f3n expresa.<\/p>\n\n\n\n<p><strong>3. Renders y representaciones gr\u00e1ficas<\/strong><br>Las im\u00e1genes, gr\u00e1ficos y renders mostrados en este Sitio Web son meramente ilustrativos y no tienen valor contractual. El titular no garantiza que estos elementos reflejen fielmente el producto o servicio final ofrecido.<\/p>\n\n\n\n<p><strong>4. Uso del sitio<\/strong><br>El usuario se compromete a utilizar el Sitio Web de manera conforme a la ley y a estos t\u00e9rminos y condiciones, as\u00ed como a no emplear el Sitio Web con fines il\u00edcitos o perjudiciales.<\/p>\n\n\n\n<p><strong>5. Limitaci\u00f3n de responsabilidad<\/strong><br>El titular no se hace responsable de posibles errores en los contenidos, interrupciones en el servicio, virus u otros elementos que puedan causar da\u00f1os al sistema inform\u00e1tico del usuario. El uso del Sitio Web se realiza bajo la exclusiva responsabilidad del usuario.<\/p>\n\n\n\n<p><strong>6. modificaci\u00f3n de los t\u00e9rminos<\/strong><br>El titular se reserva el derecho de modificar estos t\u00e9rminos y condiciones en cualquier momento, sin previo aviso. Las modificaciones ser\u00e1n publicadas en el Sitio Web y entrar\u00e1n en vigor desde su publicaci\u00f3n.<\/p>\n\n\n\n<p><strong>7. Legislaci\u00f3n aplicable y Jurisdiccion<\/strong><br>Estos t\u00e9rminos y condiciones se rigen por la legislaci\u00f3n espa\u00f1ola. Cualquier disputa que surja en relaci\u00f3n con el uso del Sitio Web ser\u00e1 sometida a la jurisdicci\u00f3n de los juzgados y tribunales del domicilio del titular.<\/p>\n\n\n\n<p><\/p>","protected":false},"excerpt":{"rendered":"<p>Website Owner:SES DOBLAS S.A.Energ\u00eda, 18 Matar\u00f3 \/ SpainEmail: info@sesdobles.com 1. ObjectThis document regulates the terms and conditions of use of the website sesdobles.com (hereinafter, the &#8220;Website&#8221;). By accessing and using this Website, the user agrees to comply with the terms set forth herein. 2. Intellectual PropertyAll content on this Website (texts, images, graphics, logos, videos,&hellip;&nbsp;<a href=\"https:\/\/www.sesdobles.com\/es\/terms-conditions\/\" rel=\"bookmark\">Leer m\u00e1s &raquo;<span class=\"screen-reader-text\">t&amp;c<\/span><\/a><\/p>","protected":false},"author":1,"featured_media":0,"parent":0,"menu_order":0,"comment_status":"closed","ping_status":"closed","template":"","meta":{"neve_meta_sidebar":"","neve_meta_container":"","neve_meta_enable_content_width":"","neve_meta_content_width":0,"neve_meta_title_alignment":"","neve_meta_author_avatar":"","neve_post_elements_order":"","neve_meta_disable_header":"","neve_meta_disable_footer":"","neve_meta_disable_title":"","_themeisle_gutenberg_block_has_review":false,"footnotes":""},"class_list":["post-299","page","type-page","status-publish","hentry"],"_links":{"self":[{"href":"https:\/\/www.sesdobles.com\/es\/wp-json\/wp\/v2\/pages\/299","targetHints":{"allow":["GET"]}}],"collection":[{"href":"https:\/\/www.sesdobles.com\/es\/wp-json\/wp\/v2\/pages"}],"about":[{"href":"https:\/\/www.sesdobles.com\/es\/wp-json\/wp\/v2\/types\/page"}],"author":[{"embeddable":true,"href":"https:\/\/www.sesdobles.com\/es\/wp-json\/wp\/v2\/users\/1"}],"replies":[{"embeddable":true,"href":"https:\/\/www.sesdobles.com\/es\/wp-json\/wp\/v2\/comments?post=299"}],"version-history":[{"count":4,"href":"https:\/\/www.sesdobles.com\/es\/wp-json\/wp\/v2\/pages\/299\/revisions"}],"predecessor-version":[{"id":386,"href":"https:\/\/www.sesdobles.com\/es\/wp-json\/wp\/v2\/pages\/299\/revisions\/386"}],"wp:attachment":[{"href":"https:\/\/www.sesdobles.com\/es\/wp-json\/wp\/v2\/media?parent=299"}],"curies":[{"name":"wp","href":"https:\/\/api.w.org\/{rel}","templated":true}]}}