{"id":114,"date":"2020-03-24T10:44:03","date_gmt":"2020-03-24T10:44:03","guid":{"rendered":"https:\/\/demosites.io\/rokophoto-gb\/?page_id=114"},"modified":"2025-04-01T13:53:47","modified_gmt":"2025-04-01T11:53:47","slug":"projectdetails","status":"publish","type":"page","link":"https:\/\/www.sesdobles.com\/es\/projectdetails\/","title":{"rendered":"Project details"},"content":{"rendered":"<div id=\"wp-block-themeisle-blocks-advanced-columns-a2d6b6cf\" class=\"wp-block-themeisle-blocks-advanced-columns alignfull has-1-columns has-desktop-equal-layout has-tablet-equal-layout has-mobile-equal-layout has-vertical-unset\"><div class=\"wp-block-themeisle-blocks-advanced-columns-overlay\"><\/div><div class=\"innerblocks-wrap\">\n<div id=\"wp-block-themeisle-blocks-advanced-column-102d751f\" class=\"wp-block-themeisle-blocks-advanced-column\">\n<h1 id=\"wp-block-themeisle-blocks-advanced-heading-156caa8a\" class=\"wp-block-themeisle-blocks-advanced-heading wp-block-themeisle-blocks-advanced-heading-156caa8a\"> SES DOBLES<\/h1>\n\n\n\n<h4 id=\"wp-block-themeisle-blocks-advanced-heading-eecfe47c\" class=\"wp-block-themeisle-blocks-advanced-heading wp-block-themeisle-blocks-advanced-heading-eecfe47c\">EXCLUSIVO DESARROLLO RESIDENCIAL EN MENORCA <\/h4>\n<\/div>\n<\/div><\/div>\n\n\n\n<div id=\"wp-block-themeisle-blocks-advanced-columns-39ba9f58\" class=\"wp-block-themeisle-blocks-advanced-columns alignfull has-2-columns has-desktop-equal-layout has-tablet-equal-layout has-mobile-collapsedRows-layout has-vertical-center has-light-bg\"><div class=\"wp-block-themeisle-blocks-advanced-columns-overlay\"><\/div><div class=\"innerblocks-wrap\">\n<div id=\"wp-block-themeisle-blocks-advanced-column-e3f97a34\" class=\"wp-block-themeisle-blocks-advanced-column\">\n<h2 id=\"wp-block-themeisle-blocks-advanced-heading-75769ae3\" class=\"wp-block-themeisle-blocks-advanced-heading wp-block-themeisle-blocks-advanced-heading-75769ae3\">DESCRIPCION DEL PROYECTO <\/h2>\n\n\n\n<h4 id=\"wp-block-themeisle-blocks-advanced-heading-1117c842\" class=\"wp-block-themeisle-blocks-advanced-heading wp-block-themeisle-blocks-advanced-heading-1117c842\"><strong>Descubre SES DOBLES: tu nuevo hogar en Menorca<\/strong><\/h4>\n\n\n\n<p class=\"has-neve-text-color-color has-text-color\">SES DOBLES es un exclusivo complejo residencial ubicado en la mejor zona de Menorca, en Ciutadella, en primera l\u00ednea de costa. Este proyecto \u00fanico ofrece 22 viviendas unifamiliares, cada una con piscina privada, jard\u00edn y espacios pensados para disfrutar del estilo de vida mediterr\u00e1neo.<\/p>\n\n\n\n<p>Las villas, de estilo arquitect\u00f3nico mediterr\u00e1neo atemporal, se distribuyen en planta baja y primer piso, con superficies de 140 m\u00b2 construidos. Cada vivienda cuenta con tres dormitorios, tres ba\u00f1os, cocina equipada, sal\u00f3n, terraza en planta primera y sol\u00e1rium en planta baja, adem\u00e1s de parking privado exterior. Las parcelas var\u00edan entre 360 m\u00b2 y 420 m\u00b2.<\/p>\n\n\n\n<p class=\"has-neve-text-color-color has-text-color\">Las viviendas est\u00e1n dise\u00f1adas con los m\u00e1s altos est\u00e1ndares de calidad, incluyendo aire acondicionado en todas las habitaciones y el sal\u00f3n, carpinter\u00eda interior y exterior de primera calidad, suelos de gres porcel\u00e1nico y acabados de lujo. Asimismo, cumplen con todas las normativas de sostenibilidad y ahorro energ\u00e9tico vigentes.<\/p>\n\n\n\n<p><\/p>\n<\/div>\n\n\n\n<div id=\"wp-block-themeisle-blocks-advanced-column-31062c3d\" class=\"wp-block-themeisle-blocks-advanced-column\">\n<figure class=\"wp-block-image size-large\"><img loading=\"lazy\" decoding=\"async\" width=\"786\" height=\"1024\" src=\"http:\/\/www.sesdobles.com\/wp-content\/uploads\/2023\/03\/Villa3-005-786x1024.jpg\" alt=\"\" class=\"wp-image-242\" srcset=\"https:\/\/www.sesdobles.com\/wp-content\/uploads\/2023\/03\/Villa3-005-786x1024.jpg 786w, https:\/\/www.sesdobles.com\/wp-content\/uploads\/2023\/03\/Villa3-005-230x300.jpg 230w, https:\/\/www.sesdobles.com\/wp-content\/uploads\/2023\/03\/Villa3-005-768x1000.jpg 768w, https:\/\/www.sesdobles.com\/wp-content\/uploads\/2023\/03\/Villa3-005.jpg 900w\" sizes=\"auto, (max-width: 786px) 100vw, 786px\" \/><\/figure>\n<\/div>\n<\/div><\/div>\n\n\n\n<div id=\"wp-block-themeisle-blocks-advanced-columns-a03d85c1\" class=\"wp-block-themeisle-blocks-advanced-columns alignfull has-1-columns has-desktop-equal-layout has-tablet-equal-layout has-mobile-equal-layout has-vertical-unset has-dark-bg\"><div class=\"wp-block-themeisle-blocks-advanced-columns-overlay\"><\/div><div class=\"innerblocks-wrap\">\n<div id=\"wp-block-themeisle-blocks-advanced-column-0e70f4bf\" class=\"wp-block-themeisle-blocks-advanced-column\">\n<figure class=\"wp-block-gallery has-nested-images columns-default is-cropped wp-block-gallery-1 is-layout-flex wp-block-gallery-is-layout-flex\">\n<figure class=\"wp-block-image size-large\"><img loading=\"lazy\" decoding=\"async\" width=\"768\" height=\"1024\" data-id=\"410\" src=\"http:\/\/www.sesdobles.com\/wp-content\/uploads\/2025\/04\/IMG_1243-768x1024.jpg\" alt=\"\" class=\"wp-image-410\" srcset=\"https:\/\/www.sesdobles.com\/wp-content\/uploads\/2025\/04\/IMG_1243-768x1024.jpg 768w, https:\/\/www.sesdobles.com\/wp-content\/uploads\/2025\/04\/IMG_1243-225x300.jpg 225w, https:\/\/www.sesdobles.com\/wp-content\/uploads\/2025\/04\/IMG_1243-1152x1536.jpg 1152w, https:\/\/www.sesdobles.com\/wp-content\/uploads\/2025\/04\/IMG_1243-1536x2048.jpg 1536w, https:\/\/www.sesdobles.com\/wp-content\/uploads\/2025\/04\/IMG_1243-9x12.jpg 9w, https:\/\/www.sesdobles.com\/wp-content\/uploads\/2025\/04\/IMG_1243-scaled.jpg 1920w\" sizes=\"auto, (max-width: 768px) 100vw, 768px\" \/><\/figure>\n\n\n\n<figure class=\"wp-block-image size-large\"><img loading=\"lazy\" decoding=\"async\" width=\"763\" height=\"1024\" data-id=\"403\" src=\"http:\/\/www.sesdobles.com\/wp-content\/uploads\/2025\/02\/casa3-dic1-763x1024.jpg\" alt=\"\" class=\"wp-image-403\" srcset=\"https:\/\/www.sesdobles.com\/wp-content\/uploads\/2025\/02\/casa3-dic1-763x1024.jpg 763w, https:\/\/www.sesdobles.com\/wp-content\/uploads\/2025\/02\/casa3-dic1-224x300.jpg 224w, https:\/\/www.sesdobles.com\/wp-content\/uploads\/2025\/02\/casa3-dic1-768x1031.jpg 768w, https:\/\/www.sesdobles.com\/wp-content\/uploads\/2025\/02\/casa3-dic1-1144x1536.jpg 1144w, https:\/\/www.sesdobles.com\/wp-content\/uploads\/2025\/02\/casa3-dic1-9x12.jpg 9w, https:\/\/www.sesdobles.com\/wp-content\/uploads\/2025\/02\/casa3-dic1.jpg 1192w\" sizes=\"auto, (max-width: 763px) 100vw, 763px\" \/><\/figure>\n\n\n\n<figure class=\"wp-block-image size-large\"><img loading=\"lazy\" decoding=\"async\" width=\"768\" height=\"1024\" data-id=\"412\" src=\"http:\/\/www.sesdobles.com\/wp-content\/uploads\/2025\/04\/IMG_1258-768x1024.jpg\" alt=\"\" class=\"wp-image-412\" srcset=\"https:\/\/www.sesdobles.com\/wp-content\/uploads\/2025\/04\/IMG_1258-768x1024.jpg 768w, https:\/\/www.sesdobles.com\/wp-content\/uploads\/2025\/04\/IMG_1258-225x300.jpg 225w, https:\/\/www.sesdobles.com\/wp-content\/uploads\/2025\/04\/IMG_1258-1152x1536.jpg 1152w, https:\/\/www.sesdobles.com\/wp-content\/uploads\/2025\/04\/IMG_1258-9x12.jpg 9w, https:\/\/www.sesdobles.com\/wp-content\/uploads\/2025\/04\/IMG_1258.jpg 1512w\" sizes=\"auto, (max-width: 768px) 100vw, 768px\" \/><\/figure>\n\n\n\n<figure class=\"wp-block-image size-large\"><img loading=\"lazy\" decoding=\"async\" width=\"1024\" height=\"786\" data-id=\"329\" src=\"http:\/\/www.sesdobles.com\/wp-content\/uploads\/2024\/09\/1.2-Bed-002-1024x786.jpg\" alt=\"\" class=\"wp-image-329\" srcset=\"https:\/\/www.sesdobles.com\/wp-content\/uploads\/2024\/09\/1.2-Bed-002-1024x786.jpg 1024w, https:\/\/www.sesdobles.com\/wp-content\/uploads\/2024\/09\/1.2-Bed-002-300x230.jpg 300w, https:\/\/www.sesdobles.com\/wp-content\/uploads\/2024\/09\/1.2-Bed-002-768x590.jpg 768w, https:\/\/www.sesdobles.com\/wp-content\/uploads\/2024\/09\/1.2-Bed-002-1536x1180.jpg 1536w, https:\/\/www.sesdobles.com\/wp-content\/uploads\/2024\/09\/1.2-Bed-002-2048x1573.jpg 2048w\" sizes=\"auto, (max-width: 1024px) 100vw, 1024px\" \/><\/figure>\n\n\n\n<figure class=\"wp-block-image size-large\"><img loading=\"lazy\" decoding=\"async\" width=\"674\" height=\"1024\" data-id=\"235\" src=\"http:\/\/www.sesdobles.com\/wp-content\/uploads\/2023\/03\/1-Living-013-674x1024.jpg\" alt=\"\" class=\"wp-image-235\" srcset=\"https:\/\/www.sesdobles.com\/wp-content\/uploads\/2023\/03\/1-Living-013-674x1024.jpg 674w, https:\/\/www.sesdobles.com\/wp-content\/uploads\/2023\/03\/1-Living-013-197x300.jpg 197w, https:\/\/www.sesdobles.com\/wp-content\/uploads\/2023\/03\/1-Living-013-768x1167.jpg 768w, https:\/\/www.sesdobles.com\/wp-content\/uploads\/2023\/03\/1-Living-013.jpg 900w\" sizes=\"auto, (max-width: 674px) 100vw, 674px\" \/><\/figure>\n\n\n\n<figure class=\"wp-block-image size-large\"><img loading=\"lazy\" decoding=\"async\" width=\"786\" height=\"1024\" data-id=\"330\" src=\"http:\/\/www.sesdobles.com\/wp-content\/uploads\/2024\/09\/2.2-Bed-005-786x1024.jpg\" alt=\"\" class=\"wp-image-330\" srcset=\"https:\/\/www.sesdobles.com\/wp-content\/uploads\/2024\/09\/2.2-Bed-005-786x1024.jpg 786w, https:\/\/www.sesdobles.com\/wp-content\/uploads\/2024\/09\/2.2-Bed-005-230x300.jpg 230w, https:\/\/www.sesdobles.com\/wp-content\/uploads\/2024\/09\/2.2-Bed-005-768x1000.jpg 768w, https:\/\/www.sesdobles.com\/wp-content\/uploads\/2024\/09\/2.2-Bed-005-1180x1536.jpg 1180w, https:\/\/www.sesdobles.com\/wp-content\/uploads\/2024\/09\/2.2-Bed-005-1573x2048.jpg 1573w, https:\/\/www.sesdobles.com\/wp-content\/uploads\/2024\/09\/2.2-Bed-005.jpg 1920w\" sizes=\"auto, (max-width: 786px) 100vw, 786px\" \/><\/figure>\n<\/figure>\n<\/div>\n<\/div><\/div>\n\n\n\n<p class=\"has-text-align-center has-large-font-size\"><strong>\u00daltima casa de la segunda fase!!<\/strong><\/p>\n\n\n\n<ul class=\"wp-block-list\">\n<li><\/li>\n<\/ul>\n\n\n\n<ul class=\"wp-block-list\">\n<li class=\"has-medium-font-size\"><strong>CASA 2<\/strong>\n<ul class=\"wp-block-list\">\n<li>Price: \u20ac628,500 + VAT<\/li>\n\n\n\n<li>Metros construidos: 142m2<\/li>\n\n\n\n<li>Expected Delivery: Summer 2025<\/li>\n<\/ul>\n<\/li>\n<\/ul>\n\n\n\n<figure class=\"wp-block-gallery has-nested-images columns-default is-cropped wp-block-gallery-2 is-layout-flex wp-block-gallery-is-layout-flex\">\n<figure class=\"wp-block-image size-large\"><img loading=\"lazy\" decoding=\"async\" width=\"941\" height=\"1024\" data-id=\"338\" src=\"http:\/\/www.sesdobles.com\/wp-content\/uploads\/2024\/09\/zona-exterior-941x1024.jpg\" alt=\"\" class=\"wp-image-338\" srcset=\"https:\/\/www.sesdobles.com\/wp-content\/uploads\/2024\/09\/zona-exterior-941x1024.jpg 941w, https:\/\/www.sesdobles.com\/wp-content\/uploads\/2024\/09\/zona-exterior-276x300.jpg 276w, https:\/\/www.sesdobles.com\/wp-content\/uploads\/2024\/09\/zona-exterior-768x836.jpg 768w, https:\/\/www.sesdobles.com\/wp-content\/uploads\/2024\/09\/zona-exterior-1411x1536.jpg 1411w, https:\/\/www.sesdobles.com\/wp-content\/uploads\/2024\/09\/zona-exterior.jpg 1688w\" sizes=\"auto, (max-width: 941px) 100vw, 941px\" \/><\/figure>\n\n\n<div class=\"wp-block-image\">\n<figure class=\"aligncenter size-large\"><img loading=\"lazy\" decoding=\"async\" width=\"1024\" height=\"940\" data-id=\"334\" src=\"http:\/\/www.sesdobles.com\/wp-content\/uploads\/2024\/09\/V2casa-1024x940.jpg\" alt=\"\" class=\"wp-image-334\" srcset=\"https:\/\/www.sesdobles.com\/wp-content\/uploads\/2024\/09\/V2casa-1024x940.jpg 1024w, https:\/\/www.sesdobles.com\/wp-content\/uploads\/2024\/09\/V2casa-300x275.jpg 300w, https:\/\/www.sesdobles.com\/wp-content\/uploads\/2024\/09\/V2casa-768x705.jpg 768w, https:\/\/www.sesdobles.com\/wp-content\/uploads\/2024\/09\/V2casa-1536x1410.jpg 1536w, https:\/\/www.sesdobles.com\/wp-content\/uploads\/2024\/09\/V2casa.jpg 1860w\" sizes=\"auto, (max-width: 1024px) 100vw, 1024px\" \/><\/figure>\n<\/div><\/figure>\n\n\n\n<p class=\"has-text-align-center\"><\/p>\n\n\n\n<p><\/p>","protected":false},"excerpt":{"rendered":"<p>\u00daltima casa de la segunda fase!!<\/p>","protected":false},"author":1,"featured_media":0,"parent":0,"menu_order":0,"comment_status":"closed","ping_status":"closed","template":"page-templates\/template-pagebuilder-full-width.php","meta":{"neve_meta_sidebar":"full-width","neve_meta_container":"contained","neve_meta_enable_content_width":"on","neve_meta_content_width":100,"neve_meta_title_alignment":"","neve_meta_author_avatar":"","neve_post_elements_order":"","neve_meta_disable_header":"","neve_meta_disable_footer":"","neve_meta_disable_title":"","_themeisle_gutenberg_block_has_review":false,"footnotes":""},"class_list":["post-114","page","type-page","status-publish","hentry"],"_links":{"self":[{"href":"https:\/\/www.sesdobles.com\/es\/wp-json\/wp\/v2\/pages\/114","targetHints":{"allow":["GET"]}}],"collection":[{"href":"https:\/\/www.sesdobles.com\/es\/wp-json\/wp\/v2\/pages"}],"about":[{"href":"https:\/\/www.sesdobles.com\/es\/wp-json\/wp\/v2\/types\/page"}],"author":[{"embeddable":true,"href":"https:\/\/www.sesdobles.com\/es\/wp-json\/wp\/v2\/users\/1"}],"replies":[{"embeddable":true,"href":"https:\/\/www.sesdobles.com\/es\/wp-json\/wp\/v2\/comments?post=114"}],"version-history":[{"count":12,"href":"https:\/\/www.sesdobles.com\/es\/wp-json\/wp\/v2\/pages\/114\/revisions"}],"predecessor-version":[{"id":429,"href":"https:\/\/www.sesdobles.com\/es\/wp-json\/wp\/v2\/pages\/114\/revisions\/429"}],"wp:attachment":[{"href":"https:\/\/www.sesdobles.com\/es\/wp-json\/wp\/v2\/media?parent=114"}],"curies":[{"name":"wp","href":"https:\/\/api.w.org\/{rel}","templated":true}]}}